{"id":773,"date":"2019-10-29T18:56:54","date_gmt":"2019-10-29T18:56:54","guid":{"rendered":"https:\/\/www.devet.at\/?page_id=773"},"modified":"2021-03-27T09:43:11","modified_gmt":"2021-03-27T09:43:11","slug":"testimonials","status":"publish","type":"page","link":"https:\/\/www.devet.at\/en\/home\/testimonials\/","title":{"rendered":"Reviews"},"content":{"rendered":"<h1>What people like and trust the most about Balkan music, world music, jazz in Devet.<\/h1>\n<p>So, da das die Zukunft ist, m\u00f6chte ich hiermit eine Empfehlung f\u00fcr diese Neuerscheinung abgeben &#8211; verraten wird nix &#8211; &#8230;.und zu gewinnen gibts einstweilen auch nix&#8230;au\u00dfer dem Tipp &#8211; DAS IST DEVET &#8211; wirklich a sch\u00f6ne gschicht !!!<br \/>\n<strong>( Christian Bakonyi\u00a0 DJ bei \u00d61)<\/strong><\/p>\n<hr \/>\n<p>&#8220;Devet ist in letzter Konsequenz eine hochwertige, sehr gelungene Mischung aus technischem K\u00f6nnen und verspielten, tanzbaren Melodien. Das Debutalbum \u201aDevet\u2018 ist die originelle Umsetzung einer gemeinsamen musikalischen Idee, einer Selbstfindung, virtuos und kraftvoll interpretiert. Devet \u00fcberraschen mit vielen spannenden Wendungen. Eine Achterbahn der Gef\u00fchle.<br \/>\n<strong>(<a href=\"http:\/\/www.schwarzataler-online.at\/\" target=\"_blank\" rel=\"noopener\">schwarzataler-online.at<\/a>, 2019)<\/strong><\/p>\n<hr \/>\n<p>&#8220;Lubomir Gospodinov und Nikola Stanosevi\u0107\u00a0 duettieren h\u00f6chst organisch und pr\u00e4sentieren vielseitige, aber in sich koh\u00e4rente Kompositionen. Lobende Erw\u00e4hnung finden sollen auch die gut dosierte Klavierbegleitung und das Interplay beider Musiker&#8221;<br \/>\n<strong>(Meissl , Concerto 6\/2019)<\/strong><\/p>\n<hr \/>\n<p>&#8220;Worldmusic aus Elementen des Jazz,J\u00fcdischer und Balkan-Tradition. Zum Hineinkippen!\u201d<br \/>\n<strong>( K\u00e4rtner Woche, 23.10.19)<\/strong><\/p>\n<hr \/>\n<p>\u201cIn den vielsichtigen Kompositionen von Lubomir Gospodinov und Nikola Stanosevi\u0107 wechseln sanfte, vertraut wirkende Melodien gekonnt mit filigranen, farbenfrohen Rhythmen.\u201d<br \/>\n<strong>(Film, Sound &amp; Media, November 2019)<\/strong><\/p>\n<hr \/>\n<p>&#8220;Devet n\u00e4hern sich diesen Traditionen der bulgarischen Folklore auf jazzigem Terrain an und brechen sie auf spielerische Weise auf.\u201d <strong>(<a href=\"https:\/\/littledogtown.jimdo.com\/musikreviews3\/devet\/\" target=\"_blank\" rel=\"noopener\">littledogtown.jimdo.com<\/a> )<\/strong><\/p>\n<hr \/>\n<p>&#8221; Von der gro\u00dfen lyrischen Sehnsucht bis zum pfeffrigen Stakkato finden sich das sehr sch\u00f6ne Freir\u00e4ume.\u201d<br \/>\n<strong>(Hallo Tulln 11\/2019)<\/strong><\/p>\n<hr \/>\n<p>&#8220;Nach der eher gem\u00e4chlichen \u00bbMorning Idea\u00ab wird das Duo impulsiver, Gospodinovs Klarinette findet einen Schleichweg zwischen Klezmer und Balkanklang, und Stano\u0161evi\u0107 streut perlende, jazzige Pianol\u00e4ufe.\u201d<br \/>\n<strong>(Alfred Pranzl, <a href=\"https:\/\/skug.at\/devet-s-t\/\" target=\"_blank\" rel=\"noopener\">skug.at<\/a>)<\/strong><\/p>\n<hr \/>\n<p>\u201cGutes kann gelegentlich so einfach klingen. Oder scheint es nur einfach und ist f\u00fcr diejenigen, die es verwirklichen, reine Schwerstarbeit? Wer sich noch in diesem Jahr von einer prall gef\u00fcllten, virtuosen Platte aufsagen lassen m\u00f6chte, sollte seine Sinne f\u00fcr Devet \u00f6ffnen. Meisterlich arrangierte und komponierte Lieder, die scheinbar schweben und in ihrer kunstvollen Fragilit\u00e4t sehr lebendig wirken. Ein Widerspruch? Keineswegs.\u201d<br \/>\n<strong>(Daniel Gillic, <a href=\"https:\/\/www.subtext.at\/2019\/11\/devet-jazz-couture\/?fbclid=IwAR2c64ZxZ_B0Bck2cR0AOLwug1A76RUY5heAsaueomfzxRlOAQyY9B9fI7M\" target=\"_blank\" rel=\"noopener\">subtext.at<\/a> )<\/strong><\/p>\n<hr \/>\n<p>\u201cWas man hier letztendlich geboten bekommt ist ein sehr farbenfrohes, musikalisch verspieltes und \u00e4u\u00dferst gut umgesetztes Album, welches insgesamt eine sehr positive Wirkung auf uns erzielt hat.\u201d<br \/>\n<strong>(Thomas M\u00fcller <a href=\"https:\/\/theworldssociety.blogspot.com\/2019\/10\/devet-devet.html\">theworldssociety.blogspot.com<\/a> )\u00a0\u00a0<\/strong><\/p>\n<hr \/>\n<p>\u201c[\u2026]Klanggut mit knackigen Rhythmen und Schillerskalen [\u2026], ein Rauschmittel f\u00fcr westliche Ohren. Das Duo Devet kredenzt diese Musik gemildert, aber mit einer Prise Pfeffer.<br \/>\n<strong>(<a href=\"https:\/\/www.wienerzeitung.at\/nachrichten\/kultur\/pop-rock-jazz\/2034847-Devet-Zwei-spielen-neun.html\" target=\"_blank\" rel=\"noopener\">wienerzeitung.at<\/a> )<\/strong><\/p>\n<hr \/>\n<p>26.10.2019 @wienerzeitung.at<br \/>\n<img loading=\"lazy\" decoding=\"async\" class=\"aligncenter size-full wp-image-774\" src=\"https:\/\/www.devet.at\/wp-content\/uploads\/2019\/10\/Screenshot_2019-10-29-Devet-Zwei-spielen-neun.png\" alt=\"\" width=\"1021\" height=\"2401\" srcset=\"https:\/\/www.devet.at\/wp-content\/uploads\/2019\/10\/Screenshot_2019-10-29-Devet-Zwei-spielen-neun.png 1021w, https:\/\/www.devet.at\/wp-content\/uploads\/2019\/10\/Screenshot_2019-10-29-Devet-Zwei-spielen-neun-128x300.png 128w, https:\/\/www.devet.at\/wp-content\/uploads\/2019\/10\/Screenshot_2019-10-29-Devet-Zwei-spielen-neun-768x1806.png 768w, https:\/\/www.devet.at\/wp-content\/uploads\/2019\/10\/Screenshot_2019-10-29-Devet-Zwei-spielen-neun-435x1024.png 435w\" sizes=\"auto, (max-width: 1021px) 100vw, 1021px\" \/><\/p>\n<hr \/>\n<pre><a href=\"https:\/\/www.wienerzeitung.at\/nachrichten\/kultur\/pop-rock-jazz\/2034847-Devet-Zwei-spielen-neun.html\" target=\"_blank\" rel=\"noopener noreferrer\">Link Origin<\/a><\/pre>\n<hr \/>\n<p>&nbsp;<\/p>\n<hr \/>\n<p>Montag, 14. Oktober 2019 @theworldssociety.blogspot.com<\/p>\n<hr \/>\n<p><img loading=\"lazy\" decoding=\"async\" class=\"aligncenter size-full wp-image-779\" src=\"https:\/\/www.devet.at\/wp-content\/uploads\/2019\/10\/Screenshot_2019-10-29-Devet-Devet.png\" alt=\"\" width=\"956\" height=\"1711\" srcset=\"https:\/\/www.devet.at\/wp-content\/uploads\/2019\/10\/Screenshot_2019-10-29-Devet-Devet.png 956w, https:\/\/www.devet.at\/wp-content\/uploads\/2019\/10\/Screenshot_2019-10-29-Devet-Devet-168x300.png 168w, https:\/\/www.devet.at\/wp-content\/uploads\/2019\/10\/Screenshot_2019-10-29-Devet-Devet-768x1375.png 768w, https:\/\/www.devet.at\/wp-content\/uploads\/2019\/10\/Screenshot_2019-10-29-Devet-Devet-572x1024.png 572w\" sizes=\"auto, (max-width: 956px) 100vw, 956px\" \/><\/p>\n<hr \/>\n<pre><a href=\"https:\/\/theworldssociety.blogspot.com\/2019\/10\/devet-devet.html?m=1\" target=\"_blank\" rel=\"noopener noreferrer\">Link Origin<\/a><\/pre>\n<p><span class=\"posted-on\"> <time class=\"entry-date published updated\" datetime=\"2019-10-22T23:36:45+00:00\">22. Oktober 2019<\/time><\/span>@www.schwarzataler-online.at<\/p>\n<hr \/>\n<p><img loading=\"lazy\" decoding=\"async\" class=\"aligncenter size-full wp-image-782\" src=\"https:\/\/www.devet.at\/wp-content\/uploads\/2019\/10\/Screenshot_2019-10-29-\u2605-DER-SCHWARZATALER-TiPP-AUS-DER-SCHEiBENWELT.png\" alt=\"\" width=\"765\" height=\"1138\" srcset=\"https:\/\/www.devet.at\/wp-content\/uploads\/2019\/10\/Screenshot_2019-10-29-\u2605-DER-SCHWARZATALER-TiPP-AUS-DER-SCHEiBENWELT.png 765w, https:\/\/www.devet.at\/wp-content\/uploads\/2019\/10\/Screenshot_2019-10-29-\u2605-DER-SCHWARZATALER-TiPP-AUS-DER-SCHEiBENWELT-202x300.png 202w, https:\/\/www.devet.at\/wp-content\/uploads\/2019\/10\/Screenshot_2019-10-29-\u2605-DER-SCHWARZATALER-TiPP-AUS-DER-SCHEiBENWELT-688x1024.png 688w\" sizes=\"auto, (max-width: 765px) 100vw, 765px\" \/><\/p>\n<hr \/>\n<pre><a href=\"http:\/\/www.schwarzataler-online.at\/2019\/10\/%e2%98%85-der-schwarzataler-tipp-aus-der-scheibenwelt-3\/?fbclid=IwAR3ji80cFIr7taOJxuVSSesb-i8-drdP86X3bEI8b6XvIdMYbmymXUeCdms\" target=\"_blank\" rel=\"noopener noreferrer\">Link Origin<\/a><\/pre>\n<hr \/>\n<p>&nbsp;<\/p>\n","protected":false},"excerpt":{"rendered":"<p>What people like and trust the most about Balkan music, world music, jazz in Devet. So, da das die Zukunft ist, m\u00f6chte ich hiermit eine Empfehlung f\u00fcr diese Neuerscheinung abgeben &#8211; verraten wird nix &#8211; &#8230;.und zu gewinnen gibts einstweilen auch nix&#8230;au\u00dfer dem Tipp &#8211; DAS IST DEVET &#8211; wirklich a sch\u00f6ne gschicht !!! ( &#8230; <a title=\"Reviews\" class=\"read-more\" href=\"https:\/\/www.devet.at\/en\/home\/testimonials\/\" aria-label=\"Read more about Reviews\">Read more<\/a><\/p>\n","protected":false},"author":1,"featured_media":0,"parent":8,"menu_order":0,"comment_status":"closed","ping_status":"closed","template":"","meta":{"footnotes":""},"class_list":["post-773","page","type-page","status-publish"],"yoast_head":"<!-- This site is optimized with the Yoast SEO plugin v26.9 - https:\/\/yoast.com\/product\/yoast-seo-wordpress\/ -->\n<title>Testimonials | About Us |<\/title>\n<meta name=\"description\" content=\"What others are sharing about us. What others write about our music. What else.\" \/>\n<meta name=\"robots\" content=\"index, follow, max-snippet:-1, max-image-preview:large, max-video-preview:-1\" \/>\n<link rel=\"canonical\" href=\"https:\/\/www.devet.at\/devet-uber-ons\/testimonials\/\" \/>\n<meta property=\"og:locale\" content=\"en_US\" \/>\n<meta property=\"og:type\" content=\"article\" \/>\n<meta property=\"og:title\" content=\"Testimonials | About Us |\" \/>\n<meta property=\"og:description\" content=\"What others are sharing about us. What others write about our music. What else.\" \/>\n<meta property=\"og:url\" content=\"https:\/\/www.devet.at\/devet-uber-ons\/testimonials\/\" \/>\n<meta property=\"og:site_name\" content=\"Devet\" \/>\n<meta property=\"article:modified_time\" content=\"2021-03-27T09:43:11+00:00\" \/>\n<meta property=\"og:image\" content=\"https:\/\/www.devet.at\/wp-content\/uploads\/2019\/10\/Screenshot_2019-10-29-Devet-Zwei-spielen-neun.png\" \/>\n<meta name=\"twitter:card\" content=\"summary_large_image\" \/>\n<meta name=\"twitter:label1\" content=\"Est. reading time\" \/>\n\t<meta name=\"twitter:data1\" content=\"2 minutes\" \/>\n<script type=\"application\/ld+json\" class=\"yoast-schema-graph\">{\"@context\":\"https:\/\/schema.org\",\"@graph\":[{\"@type\":\"WebPage\",\"@id\":\"https:\/\/www.devet.at\/devet-uber-ons\/testimonials\/\",\"url\":\"https:\/\/www.devet.at\/devet-uber-ons\/testimonials\/\",\"name\":\"Testimonials | About Us |\",\"isPartOf\":{\"@id\":\"https:\/\/devet.at\/#website\"},\"primaryImageOfPage\":{\"@id\":\"https:\/\/www.devet.at\/devet-uber-ons\/testimonials\/#primaryimage\"},\"image\":{\"@id\":\"https:\/\/www.devet.at\/devet-uber-ons\/testimonials\/#primaryimage\"},\"thumbnailUrl\":\"https:\/\/www.devet.at\/wp-content\/uploads\/2019\/10\/Screenshot_2019-10-29-Devet-Zwei-spielen-neun.png\",\"datePublished\":\"2019-10-29T18:56:54+00:00\",\"dateModified\":\"2021-03-27T09:43:11+00:00\",\"description\":\"What others are sharing about us. What others write about our music. What else.\",\"breadcrumb\":{\"@id\":\"https:\/\/www.devet.at\/devet-uber-ons\/testimonials\/#breadcrumb\"},\"inLanguage\":\"en-US\",\"potentialAction\":[{\"@type\":\"ReadAction\",\"target\":[\"https:\/\/www.devet.at\/devet-uber-ons\/testimonials\/\"]}]},{\"@type\":\"ImageObject\",\"inLanguage\":\"en-US\",\"@id\":\"https:\/\/www.devet.at\/devet-uber-ons\/testimonials\/#primaryimage\",\"url\":\"https:\/\/www.devet.at\/wp-content\/uploads\/2019\/10\/Screenshot_2019-10-29-Devet-Zwei-spielen-neun.png\",\"contentUrl\":\"https:\/\/www.devet.at\/wp-content\/uploads\/2019\/10\/Screenshot_2019-10-29-Devet-Zwei-spielen-neun.png\"},{\"@type\":\"BreadcrumbList\",\"@id\":\"https:\/\/www.devet.at\/devet-uber-ons\/testimonials\/#breadcrumb\",\"itemListElement\":[{\"@type\":\"ListItem\",\"position\":1,\"name\":\"Home\",\"item\":\"https:\/\/www.devet.at\/en\/\"},{\"@type\":\"ListItem\",\"position\":2,\"name\":\"About Us\",\"item\":\"https:\/\/www.devet.at\/en\/home\/\"},{\"@type\":\"ListItem\",\"position\":3,\"name\":\"Reviews\"}]},{\"@type\":\"WebSite\",\"@id\":\"https:\/\/devet.at\/#website\",\"url\":\"https:\/\/devet.at\/\",\"name\":\"Devet\",\"description\":\"Explore the world of music\",\"publisher\":{\"@id\":\"https:\/\/devet.at\/#organization\"},\"potentialAction\":[{\"@type\":\"SearchAction\",\"target\":{\"@type\":\"EntryPoint\",\"urlTemplate\":\"https:\/\/devet.at\/?s={search_term_string}\"},\"query-input\":{\"@type\":\"PropertyValueSpecification\",\"valueRequired\":true,\"valueName\":\"search_term_string\"}}],\"inLanguage\":\"en-US\"},{\"@type\":\"Organization\",\"@id\":\"https:\/\/devet.at\/#organization\",\"name\":\"Devet\",\"url\":\"https:\/\/devet.at\/\",\"logo\":{\"@type\":\"ImageObject\",\"inLanguage\":\"en-US\",\"@id\":\"https:\/\/devet.at\/#\/schema\/logo\/image\/\",\"url\":\"https:\/\/www.devet.at\/wp-content\/uploads\/2025\/01\/cropped-AD6B8E1B-9DDE-4467-9A4B-F3A8C2CDA7DB.png\",\"contentUrl\":\"https:\/\/www.devet.at\/wp-content\/uploads\/2025\/01\/cropped-AD6B8E1B-9DDE-4467-9A4B-F3A8C2CDA7DB.png\",\"width\":1563,\"height\":665,\"caption\":\"Devet\"},\"image\":{\"@id\":\"https:\/\/devet.at\/#\/schema\/logo\/image\/\"}}]}<\/script>\n<!-- \/ Yoast SEO plugin. -->","yoast_head_json":{"title":"Testimonials | About Us |","description":"What others are sharing about us. What others write about our music. What else.","robots":{"index":"index","follow":"follow","max-snippet":"max-snippet:-1","max-image-preview":"max-image-preview:large","max-video-preview":"max-video-preview:-1"},"canonical":"https:\/\/www.devet.at\/devet-uber-ons\/testimonials\/","og_locale":"en_US","og_type":"article","og_title":"Testimonials | About Us |","og_description":"What others are sharing about us. What others write about our music. What else.","og_url":"https:\/\/www.devet.at\/devet-uber-ons\/testimonials\/","og_site_name":"Devet","article_modified_time":"2021-03-27T09:43:11+00:00","og_image":[{"url":"https:\/\/www.devet.at\/wp-content\/uploads\/2019\/10\/Screenshot_2019-10-29-Devet-Zwei-spielen-neun.png","type":"","width":"","height":""}],"twitter_card":"summary_large_image","twitter_misc":{"Est. reading time":"2 minutes"},"schema":{"@context":"https:\/\/schema.org","@graph":[{"@type":"WebPage","@id":"https:\/\/www.devet.at\/devet-uber-ons\/testimonials\/","url":"https:\/\/www.devet.at\/devet-uber-ons\/testimonials\/","name":"Testimonials | About Us |","isPartOf":{"@id":"https:\/\/devet.at\/#website"},"primaryImageOfPage":{"@id":"https:\/\/www.devet.at\/devet-uber-ons\/testimonials\/#primaryimage"},"image":{"@id":"https:\/\/www.devet.at\/devet-uber-ons\/testimonials\/#primaryimage"},"thumbnailUrl":"https:\/\/www.devet.at\/wp-content\/uploads\/2019\/10\/Screenshot_2019-10-29-Devet-Zwei-spielen-neun.png","datePublished":"2019-10-29T18:56:54+00:00","dateModified":"2021-03-27T09:43:11+00:00","description":"What others are sharing about us. What others write about our music. What else.","breadcrumb":{"@id":"https:\/\/www.devet.at\/devet-uber-ons\/testimonials\/#breadcrumb"},"inLanguage":"en-US","potentialAction":[{"@type":"ReadAction","target":["https:\/\/www.devet.at\/devet-uber-ons\/testimonials\/"]}]},{"@type":"ImageObject","inLanguage":"en-US","@id":"https:\/\/www.devet.at\/devet-uber-ons\/testimonials\/#primaryimage","url":"https:\/\/www.devet.at\/wp-content\/uploads\/2019\/10\/Screenshot_2019-10-29-Devet-Zwei-spielen-neun.png","contentUrl":"https:\/\/www.devet.at\/wp-content\/uploads\/2019\/10\/Screenshot_2019-10-29-Devet-Zwei-spielen-neun.png"},{"@type":"BreadcrumbList","@id":"https:\/\/www.devet.at\/devet-uber-ons\/testimonials\/#breadcrumb","itemListElement":[{"@type":"ListItem","position":1,"name":"Home","item":"https:\/\/www.devet.at\/en\/"},{"@type":"ListItem","position":2,"name":"About Us","item":"https:\/\/www.devet.at\/en\/home\/"},{"@type":"ListItem","position":3,"name":"Reviews"}]},{"@type":"WebSite","@id":"https:\/\/devet.at\/#website","url":"https:\/\/devet.at\/","name":"Devet","description":"Explore the world of music","publisher":{"@id":"https:\/\/devet.at\/#organization"},"potentialAction":[{"@type":"SearchAction","target":{"@type":"EntryPoint","urlTemplate":"https:\/\/devet.at\/?s={search_term_string}"},"query-input":{"@type":"PropertyValueSpecification","valueRequired":true,"valueName":"search_term_string"}}],"inLanguage":"en-US"},{"@type":"Organization","@id":"https:\/\/devet.at\/#organization","name":"Devet","url":"https:\/\/devet.at\/","logo":{"@type":"ImageObject","inLanguage":"en-US","@id":"https:\/\/devet.at\/#\/schema\/logo\/image\/","url":"https:\/\/www.devet.at\/wp-content\/uploads\/2025\/01\/cropped-AD6B8E1B-9DDE-4467-9A4B-F3A8C2CDA7DB.png","contentUrl":"https:\/\/www.devet.at\/wp-content\/uploads\/2025\/01\/cropped-AD6B8E1B-9DDE-4467-9A4B-F3A8C2CDA7DB.png","width":1563,"height":665,"caption":"Devet"},"image":{"@id":"https:\/\/devet.at\/#\/schema\/logo\/image\/"}}]}},"_links":{"self":[{"href":"https:\/\/www.devet.at\/en\/wp-json\/wp\/v2\/pages\/773","targetHints":{"allow":["GET"]}}],"collection":[{"href":"https:\/\/www.devet.at\/en\/wp-json\/wp\/v2\/pages"}],"about":[{"href":"https:\/\/www.devet.at\/en\/wp-json\/wp\/v2\/types\/page"}],"author":[{"embeddable":true,"href":"https:\/\/www.devet.at\/en\/wp-json\/wp\/v2\/users\/1"}],"replies":[{"embeddable":true,"href":"https:\/\/www.devet.at\/en\/wp-json\/wp\/v2\/comments?post=773"}],"version-history":[{"count":9,"href":"https:\/\/www.devet.at\/en\/wp-json\/wp\/v2\/pages\/773\/revisions"}],"predecessor-version":[{"id":1059,"href":"https:\/\/www.devet.at\/en\/wp-json\/wp\/v2\/pages\/773\/revisions\/1059"}],"up":[{"embeddable":true,"href":"https:\/\/www.devet.at\/en\/wp-json\/wp\/v2\/pages\/8"}],"wp:attachment":[{"href":"https:\/\/www.devet.at\/en\/wp-json\/wp\/v2\/media?parent=773"}],"curies":[{"name":"wp","href":"https:\/\/api.w.org\/{rel}","templated":true}]}}